{"id":1294,"date":"2016-05-27T18:03:43","date_gmt":"2016-05-27T18:03:43","guid":{"rendered":"http:\/\/themes.webdevia.com\/flooring\/?page_id=1294"},"modified":"2021-12-16T15:30:18","modified_gmt":"2021-12-16T15:30:18","slug":"home-one","status":"publish","type":"page","link":"https:\/\/cilextra.ch\/","title":{"rendered":"Home"},"content":{"rendered":"<p>[vc_row full_width=&#8221;stretch_row_content&#8221;][vc_column][rev_slider_vc alias=&#8221;Home&#8221;][\/vc_column][\/vc_row][vc_row full_width=&#8221;stretch_row&#8221; css=&#8221;.vc_custom_1564133910758{background-color: #e8e8e8 !important;}&#8221;][vc_column]\r\n\r\n<div class=\"wd_empty_space\" data-heightmobile=\"20\" data-heighttablet=\"30\" data-heightdesktop=\"70\">\r\n\r\n<\/div>\r\n      \r\n\r\n\r\n\r\n        \r\n      \r\n    [vc_row_inner el_class=&#8221;row text-center&#8221; css=&#8221;.vc_custom_1564134376226{margin-bottom: -100px !important;}&#8221;][vc_column_inner width=&#8221;1\/2&#8243;]\r\n\r\n\r\n\r\n          <section class=\"wd-section-blog text-center style2\">\r\n              <div class=\"wd-blog-post  \" >\r\n                            <a href=\"https:\/\/wlu20www17.webland.ch\/index.php\/diensleistungen\/spanndecken\/\">\r\n                                                                                        <img src=\"https:\/\/cilextra.ch\/wp-content\/uploads\/2016\/05\/3407-284-2-3-1024x683.jpg\" alt=\"icon\"\/>\r\n                      <h4 class=\"wd-title-element\">Spanndecken<\/h4>\r\n                            <\/a>\r\n                               <p>\r\n                      Massgeschneiderte Spanndecken erm\u00f6glichen eine schnelle, unkomplizierte Renovierung in allen Bereichen des Hauses.                  <\/p>\r\n              <\/div>\r\n          <\/section>\r\n    [\/vc_column_inner][vc_column_inner width=&#8221;1\/2&#8243;]\r\n\r\n\r\n\r\n          <section class=\"wd-section-blog text-center style2\">\r\n              <div class=\"wd-blog-post  \" >\r\n                            <a href=\"https:\/\/wlu20www17.webland.ch\/index.php\/diensleistungen\/lichtdecken\/\">\r\n                                                                                        <img src=\"https:\/\/cilextra.ch\/wp-content\/uploads\/2019\/07\/Schwimmbad-Frutt-1024x696.jpg\" alt=\"icon\"\/>\r\n                      <h4 class=\"wd-title-element\">Lichtdecken<\/h4>\r\n                            <\/a>\r\n                               <p>\r\n                      Lichtdecken und Lichtmodule stehen f\u00fcr Perfektion in der Schattenlosen, vollfl\u00e4chigen Ausleuchtung.                  <\/p>\r\n              <\/div>\r\n          <\/section>\r\n    [\/vc_column_inner][\/vc_row_inner][vc_row_inner el_class=&#8221;row text-center&#8221; css=&#8221;.vc_custom_1564000955421{margin-top: 20px !important;}&#8221;][vc_column_inner width=&#8221;1\/2&#8243;]\r\n\r\n\r\n\r\n          <section class=\"wd-section-blog text-center style2\">\r\n              <div class=\"wd-blog-post  \" >\r\n                            <a href=\"https:\/\/wlu20www17.webland.ch\/index.php\/diensleistungen\/bedruckt-wand-und-decken\/\">\r\n                                                                                        <img src=\"https:\/\/cilextra.ch\/wp-content\/uploads\/2019\/07\/DSC00088-1-1-1024x683.jpg\" alt=\"icon\"\/>\r\n                      <h4 class=\"wd-title-element\">Bedruckt Wand und Decken<\/h4>\r\n                            <\/a>\r\n                               <p>\r\n                      Die Textile Wand und Deckenverkleidungen lassen sich individuell bedrucken.                  <\/p>\r\n              <\/div>\r\n          <\/section>\r\n    [\/vc_column_inner][vc_column_inner width=&#8221;1\/2&#8243;]\r\n\r\n\r\n\r\n          <section class=\"wd-section-blog text-center style2\">\r\n              <div class=\"wd-blog-post  \" >\r\n                            <a href=\"https:\/\/wlu20www17.webland.ch\/index.php\/diensleistungen\/akustikdecken\/\">\r\n                                                                                        <img src=\"https:\/\/cilextra.ch\/wp-content\/uploads\/2019\/07\/Aqua_Sentio_30-1-1024x683.jpg\" alt=\"icon\"\/>\r\n                      <h4 class=\"wd-title-element\">Akustikdecken<\/h4>\r\n                            <\/a>\r\n                               <p>\r\n                      Verbessern Sie die Raumakustik Ihrer R\u00e4ume mit einer Akustikdecke oder Akustikelementen an Wand oder Decke.                  <\/p>\r\n              <\/div>\r\n          <\/section>\r\n    [\/vc_column_inner][\/vc_row_inner][\/vc_column][\/vc_row][vc_row full_width=&#8221;stretch_row&#8221; css=&#8221;.vc_custom_1564134990993{margin-top: -40px !important;padding-top: 28px !important;padding-bottom: 40px !important;background-color: #a81416 !important;}&#8221; font_color=&#8221;#ffffff&#8221;][vc_column width=&#8221;1\/6&#8243;][\/vc_column][vc_column width=&#8221;2\/3&#8243;][vc_column_text el_class=&#8221;text-center&#8221;]<\/p>\n<h4 style=\"color: #ffffff; font-weight: 300; display: inline-block;\"><strong>Deckenrenovieren mit Spanndecken! Schnell \u2013 Sauber \u2013 Sch\u00f6n!<br \/>\nIhre neue Decke an einem Tag<\/strong><\/h4>\n<p>[\/vc_column_text][\/vc_column][vc_column width=&#8221;1\/6&#8243;][\/vc_column][\/vc_row][vc_row full_width=&#8221;stretch_row_content&#8221; css=&#8221;.vc_custom_1638956559802{background-color: #e8e8e8 !important;}&#8221;][vc_column width=&#8221;1\/2&#8243;][vc_column_text]Cilextra AG gegr\u00fcndet 1998 ist ein Unternehmen mit \u00fcber 20 Jahren Erfahrung alles rund um das Thema Spanndecken.<\/p>\n<p>Die CILEXTRA \u2013 Produkte f\u00fcr Decke, Licht und Wand erm\u00f6glichen Ihnen kreative Gestaltungsm\u00f6glichkeiten f\u00fcr Ihre R\u00e4ume!<\/p>\n<p>CILEXTRA \u2013 Spanndecken im Komplett-System bieten eine Alternative bzw. Erg\u00e4nzung zu herk\u00f6mmlichen Decken und Wandverkleidungen.<\/p>\n<p>[\/vc_column_text][\/vc_column][vc_column width=&#8221;1\/2&#8243;][vc_column_text]Die CILEXTRA-Spanndecke ist ideal in allen Privatr\u00e4umen wie auch in Verkaufsr\u00e4umen, Arztpraxen, Restaurants sowie Besprechungszimmern \u2013 einfach \u00fcberall dort, wo Wert auf sch\u00f6nes Aussehen, Gem\u00fctlichkeit, Stimmung und Atmosph\u00e4re gelegt werden.<\/p>\n<p>CILEXTRA \u2013 Produkte bieten beim Modernisieren, Renovieren und Neubau schnell, professionell und sauber eine ideale M\u00f6glichkeit vorhandene Probleme zu l\u00f6sen und R\u00e4ume neu zu gestalten.<\/p>\n<p>Wir sind erst zufrieden wenn Sie zufrieden sind[\/vc_column_text][\/vc_column][\/vc_row][vc_row full_width=&#8221;stretch_row_content_no_spaces&#8221; css=&#8221;.vc_custom_1564134720096{background-color: #e8e8e8 !important;}&#8221;][vc_column][vc_gallery interval=&#8221;0&#8243; images=&#8221;1632,1633,1634,1635,1509,1500,1481,1459,1410,1401,1394&#8243; img_size=&#8221;full&#8221;][\/vc_column][\/vc_row]<\/p>\n","protected":false},"excerpt":{"rendered":"<p>[vc_row full_width=&#8221;stretch_row_content&#8221;][vc_column][rev_slider_vc alias=&#8221;Home&#8221;][\/vc_column][\/vc_row][vc_row full_width=&#8221;stretch_row&#8221; css=&#8221;.vc_custom_1564133910758{background-color: #e8e8e8 !important;}&#8221;][vc_column][vc_row_inner el_class=&#8221;row text-center&#8221; css=&#8221;.vc_custom_1564134376226{margin-bottom: -100px !important;}&#8221;][vc_column_inner width=&#8221;1\/2&#8243;][\/vc_column_inner][vc_column_inner width=&#8221;1\/2&#8243;][\/vc_column_inner][\/vc_row_inner][vc_row_inner el_class=&#8221;row text-center&#8221; css=&#8221;.vc_custom_1564000955421{margin-top: 20px !important;}&#8221;][vc_column_inner width=&#8221;1\/2&#8243;][\/vc_column_inner][vc_column_inner width=&#8221;1\/2&#8243;][\/vc_column_inner][\/vc_row_inner][\/vc_column][\/vc_row][vc_row full_width=&#8221;stretch_row&#8221; css=&#8221;.vc_custom_1564134990993{margin-top: -40px !important;padding-top: 28px !important;padding-bottom: 40px !important;background-color: #a81416 !important;}&#8221; font_color=&#8221;#ffffff&#8221;][vc_column width=&#8221;1\/6&#8243;][\/vc_column][vc_column width=&#8221;2\/3&#8243;][vc_column_text el_class=&#8221;text-center&#8221;] Deckenrenovieren mit Spanndecken! Schnell \u2013 Sauber \u2013 Sch\u00f6n! Ihre neue Decke an einem Tag [\/vc_column_text][\/vc_column][vc_column width=&#8221;1\/6&#8243;][\/vc_column][\/vc_row][vc_row full_width=&#8221;stretch_row_content&#8221; css=&#8221;.vc_custom_1638956559802{background-color: #e8e8e8 !important;}&#8221;][vc_column [&hellip;]<\/p>\n","protected":false},"author":4,"featured_media":0,"parent":0,"menu_order":0,"comment_status":"closed","ping_status":"closed","template":"","meta":[],"yoast_head":"<!-- This site is optimized with the Yoast SEO plugin v17.7.1 - https:\/\/yoast.com\/wordpress\/plugins\/seo\/ -->\n<title>Cilextra-Spanndecken Decken Deckenrenovieren Lichtdecken Akustik<\/title>\n<meta name=\"description\" content=\"Cilextra ist Ihr Experte f\u00fcr Deckenrenovieren mit Spanndecken, Lichtdecken, Gewebespanndecken Akustikdecken MotivdeckenSchnelle...\" \/>\n<meta name=\"robots\" content=\"index, follow, max-snippet:-1, max-image-preview:large, max-video-preview:-1\" \/>\n<link rel=\"canonical\" href=\"https:\/\/cilextra.ch\/\" \/>\n<meta property=\"og:locale\" content=\"de_DE\" \/>\n<meta property=\"og:type\" content=\"article\" \/>\n<meta property=\"og:title\" content=\"Cilextra-Spanndecken Decken Deckenrenovieren Lichtdecken Akustik\" \/>\n<meta property=\"og:description\" content=\"Cilextra ist Ihr Experte f\u00fcr Deckenrenovieren mit Spanndecken, Lichtdecken, Gewebespanndecken Akustikdecken MotivdeckenSchnelle...\" \/>\n<meta property=\"og:url\" content=\"https:\/\/cilextra.ch\/\" \/>\n<meta property=\"og:site_name\" content=\"Cilextra-Spanndecken\" \/>\n<meta property=\"article:modified_time\" content=\"2021-12-16T15:30:18+00:00\" \/>\n<meta name=\"twitter:card\" content=\"summary_large_image\" \/>\n<meta name=\"twitter:label1\" content=\"Gesch\u00e4tzte Lesezeit\" \/>\n\t<meta name=\"twitter:data1\" content=\"2 Minuten\" \/>\n<script type=\"application\/ld+json\" class=\"yoast-schema-graph\">{\"@context\":\"https:\/\/schema.org\",\"@graph\":[{\"@type\":\"WebSite\",\"@id\":\"https:\/\/cilextra.ch\/#website\",\"url\":\"https:\/\/cilextra.ch\/\",\"name\":\"Cilextra-Spanndecken\",\"description\":\"Deckenrenovieren in 24 Std.\",\"potentialAction\":[{\"@type\":\"SearchAction\",\"target\":{\"@type\":\"EntryPoint\",\"urlTemplate\":\"https:\/\/cilextra.ch\/?s={search_term_string}\"},\"query-input\":\"required name=search_term_string\"}],\"inLanguage\":\"de-DE\"},{\"@type\":\"WebPage\",\"@id\":\"https:\/\/cilextra.ch\/#webpage\",\"url\":\"https:\/\/cilextra.ch\/\",\"name\":\"Cilextra-Spanndecken Decken Deckenrenovieren Lichtdecken Akustik\",\"isPartOf\":{\"@id\":\"https:\/\/cilextra.ch\/#website\"},\"datePublished\":\"2016-05-27T18:03:43+00:00\",\"dateModified\":\"2021-12-16T15:30:18+00:00\",\"description\":\"Cilextra ist Ihr Experte f\\u00fcr Deckenrenovieren mit Spanndecken, Lichtdecken, Gewebespanndecken Akustikdecken MotivdeckenSchnelle...\",\"breadcrumb\":{\"@id\":\"https:\/\/cilextra.ch\/#breadcrumb\"},\"inLanguage\":\"de-DE\",\"potentialAction\":[{\"@type\":\"ReadAction\",\"target\":[\"https:\/\/cilextra.ch\/\"]}]},{\"@type\":\"BreadcrumbList\",\"@id\":\"https:\/\/cilextra.ch\/#breadcrumb\",\"itemListElement\":[{\"@type\":\"ListItem\",\"position\":1,\"name\":\"Home\",\"item\":\"https:\/\/cilextra.ch\/\"},{\"@type\":\"ListItem\",\"position\":2,\"name\":\"Home\"}]}]}<\/script>\n<!-- \/ Yoast SEO plugin. -->","yoast_head_json":{"title":"Cilextra-Spanndecken Decken Deckenrenovieren Lichtdecken Akustik","description":"Cilextra ist Ihr Experte f\u00fcr Deckenrenovieren mit Spanndecken, Lichtdecken, Gewebespanndecken Akustikdecken MotivdeckenSchnelle...","robots":{"index":"index","follow":"follow","max-snippet":"max-snippet:-1","max-image-preview":"max-image-preview:large","max-video-preview":"max-video-preview:-1"},"canonical":"https:\/\/cilextra.ch\/","og_locale":"de_DE","og_type":"article","og_title":"Cilextra-Spanndecken Decken Deckenrenovieren Lichtdecken Akustik","og_description":"Cilextra ist Ihr Experte f\u00fcr Deckenrenovieren mit Spanndecken, Lichtdecken, Gewebespanndecken Akustikdecken MotivdeckenSchnelle...","og_url":"https:\/\/cilextra.ch\/","og_site_name":"Cilextra-Spanndecken","article_modified_time":"2021-12-16T15:30:18+00:00","twitter_card":"summary_large_image","twitter_misc":{"Gesch\u00e4tzte Lesezeit":"2 Minuten"},"schema":{"@context":"https:\/\/schema.org","@graph":[{"@type":"WebSite","@id":"https:\/\/cilextra.ch\/#website","url":"https:\/\/cilextra.ch\/","name":"Cilextra-Spanndecken","description":"Deckenrenovieren in 24 Std.","potentialAction":[{"@type":"SearchAction","target":{"@type":"EntryPoint","urlTemplate":"https:\/\/cilextra.ch\/?s={search_term_string}"},"query-input":"required name=search_term_string"}],"inLanguage":"de-DE"},{"@type":"WebPage","@id":"https:\/\/cilextra.ch\/#webpage","url":"https:\/\/cilextra.ch\/","name":"Cilextra-Spanndecken Decken Deckenrenovieren Lichtdecken Akustik","isPartOf":{"@id":"https:\/\/cilextra.ch\/#website"},"datePublished":"2016-05-27T18:03:43+00:00","dateModified":"2021-12-16T15:30:18+00:00","description":"Cilextra ist Ihr Experte f\u00fcr Deckenrenovieren mit Spanndecken, Lichtdecken, Gewebespanndecken Akustikdecken MotivdeckenSchnelle...","breadcrumb":{"@id":"https:\/\/cilextra.ch\/#breadcrumb"},"inLanguage":"de-DE","potentialAction":[{"@type":"ReadAction","target":["https:\/\/cilextra.ch\/"]}]},{"@type":"BreadcrumbList","@id":"https:\/\/cilextra.ch\/#breadcrumb","itemListElement":[{"@type":"ListItem","position":1,"name":"Home","item":"https:\/\/cilextra.ch\/"},{"@type":"ListItem","position":2,"name":"Home"}]}]}},"_links":{"self":[{"href":"https:\/\/cilextra.ch\/index.php\/wp-json\/wp\/v2\/pages\/1294"}],"collection":[{"href":"https:\/\/cilextra.ch\/index.php\/wp-json\/wp\/v2\/pages"}],"about":[{"href":"https:\/\/cilextra.ch\/index.php\/wp-json\/wp\/v2\/types\/page"}],"author":[{"embeddable":true,"href":"https:\/\/cilextra.ch\/index.php\/wp-json\/wp\/v2\/users\/4"}],"replies":[{"embeddable":true,"href":"https:\/\/cilextra.ch\/index.php\/wp-json\/wp\/v2\/comments?post=1294"}],"version-history":[{"count":128,"href":"https:\/\/cilextra.ch\/index.php\/wp-json\/wp\/v2\/pages\/1294\/revisions"}],"predecessor-version":[{"id":2090,"href":"https:\/\/cilextra.ch\/index.php\/wp-json\/wp\/v2\/pages\/1294\/revisions\/2090"}],"wp:attachment":[{"href":"https:\/\/cilextra.ch\/index.php\/wp-json\/wp\/v2\/media?parent=1294"}],"curies":[{"name":"wp","href":"https:\/\/api.w.org\/{rel}","templated":true}]}}