{"id":1537,"date":"2016-05-27T18:03:43","date_gmt":"2016-05-27T18:03:43","guid":{"rendered":"https:\/\/wlu20www17.webland.ch\/index.php\/bedruckt-wand-und-decken-4\/"},"modified":"2019-07-26T16:48:45","modified_gmt":"2019-07-26T16:48:45","slug":"spanndecken","status":"publish","type":"page","link":"https:\/\/cilextra.ch\/index.php\/diensleistungen\/spanndecken\/","title":{"rendered":"Spanndecken"},"content":{"rendered":"<p>[vc_row full_width=&#8221;stretch_row_content_no_spaces&#8221; css=&#8221;.vc_custom_1564159267347{margin-top: -200px !important;margin-bottom: -200px !important;background-color: #e8e8e8 !important;}&#8221;][vc_column][vc_single_image image=&#8221;1460&#8243; img_size=&#8221;full&#8221; alignment=&#8221;center&#8221; css=&#8221;.vc_custom_1564159464752{padding-top: -200px !important;padding-bottom: -200px !important;}&#8221;][\/vc_column][\/vc_row][vc_row full_width=&#8221;stretch_row&#8221; css=&#8221;.vc_custom_1564137288576{padding-top: 70px !important;background-color: #e8e8e8 !important;}&#8221;][vc_column width=&#8221;1\/3&#8243; css=&#8221;.vc_custom_1564159724181{margin-top: -10px !important;}&#8221;][vc_column_text css=&#8221;.vc_custom_1564159693191{padding-top: 20px !important;}&#8221;]<\/p>\n<h3><strong>Spanndecken<\/strong><\/h3>\n<p>Massgeschneiderte Spanndecken erm\u00f6glichen eine schnelle, unkomplizierte Renovierung in allen Bereichen des Hauses.<\/p>\n<p>Wenn es darum geht, Innenr\u00e4ume wirkungsvoll in Szene zu setzen, steht heute immer st\u00e4rker die Versch\u00f6nerung der Decke im Mittelpunkt, denn ein Raum kann noch so stilvoll sein, wenn die Decke h\u00e4sslich ist, stimmt der ganze Eindruck nicht. H\u00f6chste Zeit also f\u00fcr innovative L\u00f6sungen!<\/p>\n<p>Die Spanndecke ist ein Decke unter Decke-System, bei dem die alte Decke zwar komplett kaschiert wird, dabei aber v\u00f6llig unber\u00fchrt bleibt. Damit ist sie nicht nur eine attraktive Alternative zu Holz-, Gips oder Kassettendecken, mit ihr k\u00f6nnen Sie auch unsch\u00f6ne Kabel, Risse, oder Unebenheiten perfekt kaschieren.<br \/>\nSo wie jeder Raum aussieht, ist auch jede Decke ein Unikat-masskonfektioniert und speziell auf Ihren Raum angefertigt.[\/vc_column_text][\/vc_column][vc_column width=&#8221;2\/3&#8243;][vc_gallery interval=&#8221;0&#8243; images=&#8221;1392,1393,1394,1395,1396,1397,1398,1400,1401,1402,1403,1404,1405,1406,1407,1408,1409,1410,1411,1412&#8243; img_size=&#8221;full&#8221;][\/vc_column][\/vc_row]<\/p>\n","protected":false},"excerpt":{"rendered":"<p>[vc_row full_width=&#8221;stretch_row_content_no_spaces&#8221; css=&#8221;.vc_custom_1564159267347{margin-top: -200px !important;margin-bottom: -200px !important;background-color: #e8e8e8 !important;}&#8221;][vc_column][vc_single_image image=&#8221;1460&#8243; img_size=&#8221;full&#8221; alignment=&#8221;center&#8221; css=&#8221;.vc_custom_1564159464752{padding-top: -200px !important;padding-bottom: -200px !important;}&#8221;][\/vc_column][\/vc_row][vc_row full_width=&#8221;stretch_row&#8221; css=&#8221;.vc_custom_1564137288576{padding-top: 70px !important;background-color: #e8e8e8 !important;}&#8221;][vc_column width=&#8221;1\/3&#8243; css=&#8221;.vc_custom_1564159724181{margin-top: -10px !important;}&#8221;][vc_column_text css=&#8221;.vc_custom_1564159693191{padding-top: 20px !important;}&#8221;] Spanndecken Massgeschneiderte Spanndecken erm\u00f6glichen eine schnelle, unkomplizierte Renovierung in allen Bereichen des Hauses. Wenn es darum geht, Innenr\u00e4ume wirkungsvoll in Szene zu setzen, steht heute [&hellip;]<\/p>\n","protected":false},"author":4,"featured_media":0,"parent":1570,"menu_order":0,"comment_status":"closed","ping_status":"closed","template":"","meta":[],"yoast_head":"<!-- This site is optimized with the Yoast SEO plugin v17.7.1 - https:\/\/yoast.com\/wordpress\/plugins\/seo\/ -->\n<title>Spanndecken - Cilextra-Spanndecken<\/title>\n<meta name=\"robots\" content=\"index, follow, max-snippet:-1, max-image-preview:large, max-video-preview:-1\" \/>\n<link rel=\"canonical\" href=\"https:\/\/cilextra.ch\/index.php\/diensleistungen\/spanndecken\/\" \/>\n<meta property=\"og:locale\" content=\"de_DE\" \/>\n<meta property=\"og:type\" content=\"article\" \/>\n<meta property=\"og:title\" content=\"Spanndecken - Cilextra-Spanndecken\" \/>\n<meta property=\"og:description\" content=\"[vc_row full_width=&#8221;stretch_row_content_no_spaces&#8221; css=&#8221;.vc_custom_1564159267347{margin-top: -200px !important;margin-bottom: -200px !important;background-color: #e8e8e8 !important;}&#8221;][vc_column][vc_single_image image=&#8221;1460&#8243; img_size=&#8221;full&#8221; alignment=&#8221;center&#8221; css=&#8221;.vc_custom_1564159464752{padding-top: -200px !important;padding-bottom: -200px !important;}&#8221;][\/vc_column][\/vc_row][vc_row full_width=&#8221;stretch_row&#8221; css=&#8221;.vc_custom_1564137288576{padding-top: 70px !important;background-color: #e8e8e8 !important;}&#8221;][vc_column width=&#8221;1\/3&#8243; css=&#8221;.vc_custom_1564159724181{margin-top: -10px !important;}&#8221;][vc_column_text css=&#8221;.vc_custom_1564159693191{padding-top: 20px !important;}&#8221;] Spanndecken Massgeschneiderte Spanndecken erm\u00f6glichen eine schnelle, unkomplizierte Renovierung in allen Bereichen des Hauses. Wenn es darum geht, Innenr\u00e4ume wirkungsvoll in Szene zu setzen, steht heute [&hellip;]\" \/>\n<meta property=\"og:url\" content=\"https:\/\/cilextra.ch\/index.php\/diensleistungen\/spanndecken\/\" \/>\n<meta property=\"og:site_name\" content=\"Cilextra-Spanndecken\" \/>\n<meta property=\"article:modified_time\" content=\"2019-07-26T16:48:45+00:00\" \/>\n<meta name=\"twitter:card\" content=\"summary_large_image\" \/>\n<meta name=\"twitter:label1\" content=\"Gesch\u00e4tzte Lesezeit\" \/>\n\t<meta name=\"twitter:data1\" content=\"1 Minute\" \/>\n<script type=\"application\/ld+json\" class=\"yoast-schema-graph\">{\"@context\":\"https:\/\/schema.org\",\"@graph\":[{\"@type\":\"WebSite\",\"@id\":\"https:\/\/cilextra.ch\/#website\",\"url\":\"https:\/\/cilextra.ch\/\",\"name\":\"Cilextra-Spanndecken\",\"description\":\"Deckenrenovieren in 24 Std.\",\"potentialAction\":[{\"@type\":\"SearchAction\",\"target\":{\"@type\":\"EntryPoint\",\"urlTemplate\":\"https:\/\/cilextra.ch\/?s={search_term_string}\"},\"query-input\":\"required name=search_term_string\"}],\"inLanguage\":\"de-DE\"},{\"@type\":\"WebPage\",\"@id\":\"https:\/\/cilextra.ch\/index.php\/diensleistungen\/spanndecken\/#webpage\",\"url\":\"https:\/\/cilextra.ch\/index.php\/diensleistungen\/spanndecken\/\",\"name\":\"Spanndecken - Cilextra-Spanndecken\",\"isPartOf\":{\"@id\":\"https:\/\/cilextra.ch\/#website\"},\"datePublished\":\"2016-05-27T18:03:43+00:00\",\"dateModified\":\"2019-07-26T16:48:45+00:00\",\"breadcrumb\":{\"@id\":\"https:\/\/cilextra.ch\/index.php\/diensleistungen\/spanndecken\/#breadcrumb\"},\"inLanguage\":\"de-DE\",\"potentialAction\":[{\"@type\":\"ReadAction\",\"target\":[\"https:\/\/cilextra.ch\/index.php\/diensleistungen\/spanndecken\/\"]}]},{\"@type\":\"BreadcrumbList\",\"@id\":\"https:\/\/cilextra.ch\/index.php\/diensleistungen\/spanndecken\/#breadcrumb\",\"itemListElement\":[{\"@type\":\"ListItem\",\"position\":1,\"name\":\"Home\",\"item\":\"https:\/\/cilextra.ch\/\"},{\"@type\":\"ListItem\",\"position\":2,\"name\":\"Diensleistungen\",\"item\":\"https:\/\/cilextra.ch\/index.php\/diensleistungen\/\"},{\"@type\":\"ListItem\",\"position\":3,\"name\":\"Spanndecken\"}]}]}<\/script>\n<!-- \/ Yoast SEO plugin. -->","yoast_head_json":{"title":"Spanndecken - Cilextra-Spanndecken","robots":{"index":"index","follow":"follow","max-snippet":"max-snippet:-1","max-image-preview":"max-image-preview:large","max-video-preview":"max-video-preview:-1"},"canonical":"https:\/\/cilextra.ch\/index.php\/diensleistungen\/spanndecken\/","og_locale":"de_DE","og_type":"article","og_title":"Spanndecken - Cilextra-Spanndecken","og_description":"[vc_row full_width=&#8221;stretch_row_content_no_spaces&#8221; css=&#8221;.vc_custom_1564159267347{margin-top: -200px !important;margin-bottom: -200px !important;background-color: #e8e8e8 !important;}&#8221;][vc_column][vc_single_image image=&#8221;1460&#8243; img_size=&#8221;full&#8221; alignment=&#8221;center&#8221; css=&#8221;.vc_custom_1564159464752{padding-top: -200px !important;padding-bottom: -200px !important;}&#8221;][\/vc_column][\/vc_row][vc_row full_width=&#8221;stretch_row&#8221; css=&#8221;.vc_custom_1564137288576{padding-top: 70px !important;background-color: #e8e8e8 !important;}&#8221;][vc_column width=&#8221;1\/3&#8243; css=&#8221;.vc_custom_1564159724181{margin-top: -10px !important;}&#8221;][vc_column_text css=&#8221;.vc_custom_1564159693191{padding-top: 20px !important;}&#8221;] Spanndecken Massgeschneiderte Spanndecken erm\u00f6glichen eine schnelle, unkomplizierte Renovierung in allen Bereichen des Hauses. Wenn es darum geht, Innenr\u00e4ume wirkungsvoll in Szene zu setzen, steht heute [&hellip;]","og_url":"https:\/\/cilextra.ch\/index.php\/diensleistungen\/spanndecken\/","og_site_name":"Cilextra-Spanndecken","article_modified_time":"2019-07-26T16:48:45+00:00","twitter_card":"summary_large_image","twitter_misc":{"Gesch\u00e4tzte Lesezeit":"1 Minute"},"schema":{"@context":"https:\/\/schema.org","@graph":[{"@type":"WebSite","@id":"https:\/\/cilextra.ch\/#website","url":"https:\/\/cilextra.ch\/","name":"Cilextra-Spanndecken","description":"Deckenrenovieren in 24 Std.","potentialAction":[{"@type":"SearchAction","target":{"@type":"EntryPoint","urlTemplate":"https:\/\/cilextra.ch\/?s={search_term_string}"},"query-input":"required name=search_term_string"}],"inLanguage":"de-DE"},{"@type":"WebPage","@id":"https:\/\/cilextra.ch\/index.php\/diensleistungen\/spanndecken\/#webpage","url":"https:\/\/cilextra.ch\/index.php\/diensleistungen\/spanndecken\/","name":"Spanndecken - Cilextra-Spanndecken","isPartOf":{"@id":"https:\/\/cilextra.ch\/#website"},"datePublished":"2016-05-27T18:03:43+00:00","dateModified":"2019-07-26T16:48:45+00:00","breadcrumb":{"@id":"https:\/\/cilextra.ch\/index.php\/diensleistungen\/spanndecken\/#breadcrumb"},"inLanguage":"de-DE","potentialAction":[{"@type":"ReadAction","target":["https:\/\/cilextra.ch\/index.php\/diensleistungen\/spanndecken\/"]}]},{"@type":"BreadcrumbList","@id":"https:\/\/cilextra.ch\/index.php\/diensleistungen\/spanndecken\/#breadcrumb","itemListElement":[{"@type":"ListItem","position":1,"name":"Home","item":"https:\/\/cilextra.ch\/"},{"@type":"ListItem","position":2,"name":"Diensleistungen","item":"https:\/\/cilextra.ch\/index.php\/diensleistungen\/"},{"@type":"ListItem","position":3,"name":"Spanndecken"}]}]}},"_links":{"self":[{"href":"https:\/\/cilextra.ch\/index.php\/wp-json\/wp\/v2\/pages\/1537"}],"collection":[{"href":"https:\/\/cilextra.ch\/index.php\/wp-json\/wp\/v2\/pages"}],"about":[{"href":"https:\/\/cilextra.ch\/index.php\/wp-json\/wp\/v2\/types\/page"}],"author":[{"embeddable":true,"href":"https:\/\/cilextra.ch\/index.php\/wp-json\/wp\/v2\/users\/4"}],"replies":[{"embeddable":true,"href":"https:\/\/cilextra.ch\/index.php\/wp-json\/wp\/v2\/comments?post=1537"}],"version-history":[{"count":13,"href":"https:\/\/cilextra.ch\/index.php\/wp-json\/wp\/v2\/pages\/1537\/revisions"}],"predecessor-version":[{"id":1736,"href":"https:\/\/cilextra.ch\/index.php\/wp-json\/wp\/v2\/pages\/1537\/revisions\/1736"}],"up":[{"embeddable":true,"href":"https:\/\/cilextra.ch\/index.php\/wp-json\/wp\/v2\/pages\/1570"}],"wp:attachment":[{"href":"https:\/\/cilextra.ch\/index.php\/wp-json\/wp\/v2\/media?parent=1537"}],"curies":[{"name":"wp","href":"https:\/\/api.w.org\/{rel}","templated":true}]}}