{"id":1799,"date":"2015-11-27T16:59:22","date_gmt":"2015-11-27T16:59:22","guid":{"rendered":"https:\/\/wlu20www17.webland.ch\/?page_id=1799"},"modified":"2019-10-30T08:52:17","modified_gmt":"2019-10-30T08:52:17","slug":"ueberuns","status":"publish","type":"page","link":"https:\/\/cilextra.ch\/index.php\/ueberuns\/","title":{"rendered":"\u00dcber uns"},"content":{"rendered":"<p>[vc_row full_width=&#8221;stretch_row_content_no_spaces&#8221; css=&#8221;.vc_custom_1564220497858{margin-top: -200px !important;background-color: #e8e8e8 !important;}&#8221;][vc_column][vc_single_image image=&#8221;1634&#8243; img_size=&#8221;full&#8221; alignment=&#8221;center&#8221; css=&#8221;.vc_custom_1564216104799{padding-top: -200px !important;padding-bottom: -200px !important;}&#8221;][\/vc_column][\/vc_row][vc_row full_width=&#8221;stretch_row&#8221; css=&#8221;.vc_custom_1564383361831{padding-top: 10px !important;padding-bottom: 25px !important;background-color: #e8e8e8 !important;}&#8221;][vc_column width=&#8221;1\/2&#8243;][vc_single_image image=&#8221;1633&#8243; img_size=&#8221;400&#215;300&#8243;][vc_single_image image=&#8221;1468&#8243; img_size=&#8221;400&#215;300&#8243; css=&#8221;.vc_custom_1567975630524{margin-top: 30px !important;}&#8221;][\/vc_column][vc_column width=&#8221;1\/2&#8243; css=&#8221;.vc_custom_1567975711231{margin-top: 40px !important;}&#8221;]\r\n\r\n<div class=\"\" >\r\n  <div class=\"large-12 columns  wd-title-section_c\" >\r\n      <h2>R\u00e4ume neu erleben<\/h2>\r\n        <h5><\/h5>\r\n    \r\n  <\/div>\r\n<\/div>\r\n\r\n  \r\n[vc_column_text]Cilextra AG gegr\u00fcndet 1998 ist ein Unternehmen mit \u00fcber 20 Jahren Erfahrung alles rund um das Thema Spanndecken.<\/p>\n<p>Die CILEXTRA \u2013 Produkte f\u00fcr Decke, Licht und Wand erm\u00f6glichen Ihnen kreative Gestaltungsm\u00f6glichkeiten f\u00fcr Ihre R\u00e4ume!<\/p>\n<p>CILEXTRA \u2013 Spanndecken im Komplett-System bieten eine Alternative bzw. Erg\u00e4nzung zu herk\u00f6mmlichen Decken und Wandverkleidungen.<\/p>\n<p>Bei den CILEXTRA- Spanndecken handelt es sich um eines der sch\u00f6nsten Deckensysteme, das nur \u00fcber den Fachhandel erh\u00e4ltlich ist.<\/p>\n<p>Die CILEXTRA-Spanndecke ist ideal in allen Privatr\u00e4umen wie auch in Verkaufsr\u00e4umen, Arztpraxen, Restaurants sowie Besprechungszimmern &#8211; einfach \u00fcberall dort, wo Wert auf sch\u00f6nes Aussehen, Gem\u00fctlichkeit, Stimmung und Atmosph\u00e4re gelegt werden.<\/p>\n<p>CILEXTRA \u2013 Produkte bieten beim Modernisieren, Renovieren und Neubau schnell, professionell und sauber eine ideale M\u00f6glichkeit vorhandene Probleme zu l\u00f6sen und R\u00e4ume neu zu gestalten.<\/p>\n<p>Wir sind erst zufrieden wenn Sie zufrieden sind[\/vc_column_text][\/vc_column][\/vc_row][vc_row full_width=&#8221;stretch_row&#8221; css=&#8221;.vc_custom_1564383405772{background-color: #e8e8e8 !important;}&#8221;][vc_column width=&#8221;1\/2&#8243; css=&#8221;.vc_custom_1564220713390{margin-bottom: 25px !important;}&#8221;]\r\n\r\n<div class=\"\" >\r\n  <div class=\"large-12 columns  wd-title-section_c\" >\r\n      <h2>Unsere Ausstellung<\/h2>\r\n        <h5>Das motivierte Cilextra-Team steht f\u00fcr alle Ihre Anliegen kompetent zur Verf\u00fcgung.<\/h5>\r\n    \r\n  <\/div>\r\n<\/div>\r\n\r\n  \r\n[vc_single_image image=&#8221;1936&#8243; img_size=&#8221;500&#215;300&#8243; alignment=&#8221;center&#8221;][\/vc_column][vc_column width=&#8221;1\/2&#8243; css=&#8221;.vc_custom_1564220708486{margin-bottom: 25px !important;}&#8221;]\r\n\r\n<div class=\"\" >\r\n  <div class=\"large-12 columns  wd-title-section_c\" >\r\n      <h2>Unser Betrieb in Solothurn<\/h2>\r\n        <h5>Die Firma Cilextra AG ist im gut erschlossenen Industriequartier an der Hans-Huber-Strasse 38 in 4500 Solothurn.<\/h5>\r\n    \r\n  <\/div>\r\n<\/div>\r\n\r\n  \r\n[vc_single_image image=&#8221;1937&#8243; img_size=&#8221;500&#215;300&#8243; alignment=&#8221;center&#8221;][\/vc_column][\/vc_row][vc_row full_width=&#8221;stretch_row&#8221; css=&#8221;.vc_custom_1564219855936{padding-top: 20px !important;padding-bottom: 20px !important;background-color: #a81416 !important;}&#8221; font_color=&#8221;#ffffff&#8221;][vc_column][vc_column_text css=&#8221;.vc_custom_1564521649720{margin-top: -30px !important;}&#8221;]<\/p>\n<h4 style=\"text-align: center;\"><span style=\"color: #ffffff;\">Spanndecken sind das Geheimnis so mancher erfolgreicher Raumgestaltung.<\/span><\/h4>\n<p>[\/vc_column_text][\/vc_column][\/vc_row][vc_row full_width=&#8221;stretch_row&#8221;][vc_column]\r\n\r\n<div class=\"\" >\r\n  <div class=\"large-12 columns  wd-title-section_c\" >\r\n      <h2>Cilextra-Partner<\/h2>\r\n        <h5><\/h5>\r\n    \r\n  <\/div>\r\n<\/div>\r\n\r\n  \r\n[\/vc_column][\/vc_row][vc_row full_width=&#8221;stretch_row&#8221; css=&#8221;.vc_custom_1564383444898{padding-bottom: 35px !important;}&#8221;][vc_column width=&#8221;1\/2&#8243;][vc_single_image image=&#8221;1779&#8243; img_size=&#8221;medium&#8221; alignment=&#8221;center&#8221; onclick=&#8221;custom_link&#8221; img_link_target=&#8221;_blank&#8221; link=&#8221;https:\/\/www.rentex-systeme.de\/&#8221;][\/vc_column][vc_column width=&#8221;1\/2&#8243; css=&#8221;.vc_custom_1564219500298{margin-top: 10px !important;}&#8221;][vc_single_image image=&#8221;1777&#8243; img_size=&#8221;medium&#8221; alignment=&#8221;center&#8221; onclick=&#8221;custom_link&#8221; img_link_target=&#8221;_blank&#8221; link=&#8221;http:\/\/www.ciling.de\/&#8221;][\/vc_column][\/vc_row][vc_row full_width=&#8221;stretch_row_content_no_spaces&#8221; css=&#8221;.vc_custom_1564219541983{background-color: #e8e8e8 !important;}&#8221;][vc_column css=&#8221;.vc_custom_1564219547925{margin-bottom: 30px !important;}&#8221;][vc_gallery type=&#8221;Carousel&#8221; images=&#8221;1396,1401,1406,1404,1394,1405,1408,1407,1403,1402,1400,1398,1397,1395,1393,1392,1391&#8243; img_size=&#8221;full&#8221;][\/vc_column][\/vc_row]<\/p>\n","protected":false},"excerpt":{"rendered":"<p>[vc_row full_width=&#8221;stretch_row_content_no_spaces&#8221; css=&#8221;.vc_custom_1564220497858{margin-top: -200px !important;background-color: #e8e8e8 !important;}&#8221;][vc_column][vc_single_image image=&#8221;1634&#8243; img_size=&#8221;full&#8221; alignment=&#8221;center&#8221; css=&#8221;.vc_custom_1564216104799{padding-top: -200px !important;padding-bottom: -200px !important;}&#8221;][\/vc_column][\/vc_row][vc_row full_width=&#8221;stretch_row&#8221; css=&#8221;.vc_custom_1564383361831{padding-top: 10px !important;padding-bottom: 25px !important;background-color: #e8e8e8 !important;}&#8221;][vc_column width=&#8221;1\/2&#8243;][vc_single_image image=&#8221;1633&#8243; img_size=&#8221;400&#215;300&#8243;][vc_single_image image=&#8221;1468&#8243; img_size=&#8221;400&#215;300&#8243; css=&#8221;.vc_custom_1567975630524{margin-top: 30px !important;}&#8221;][\/vc_column][vc_column width=&#8221;1\/2&#8243; css=&#8221;.vc_custom_1567975711231{margin-top: 40px !important;}&#8221;][vc_column_text]Cilextra AG gegr\u00fcndet 1998 ist ein Unternehmen mit \u00fcber 20 Jahren Erfahrung alles rund um das Thema Spanndecken. Die CILEXTRA \u2013 [&hellip;]<\/p>\n","protected":false},"author":4,"featured_media":0,"parent":0,"menu_order":0,"comment_status":"closed","ping_status":"closed","template":"","meta":[],"yoast_head":"<!-- This site is optimized with the Yoast SEO plugin v17.7.1 - https:\/\/yoast.com\/wordpress\/plugins\/seo\/ -->\n<title>\u00dcber uns - Cilextra-Spanndecken<\/title>\n<meta name=\"robots\" content=\"index, follow, max-snippet:-1, max-image-preview:large, max-video-preview:-1\" \/>\n<link rel=\"canonical\" href=\"https:\/\/cilextra.ch\/index.php\/ueberuns\/\" \/>\n<meta property=\"og:locale\" content=\"de_DE\" \/>\n<meta property=\"og:type\" content=\"article\" \/>\n<meta property=\"og:title\" content=\"\u00dcber uns - Cilextra-Spanndecken\" \/>\n<meta property=\"og:description\" content=\"[vc_row full_width=&#8221;stretch_row_content_no_spaces&#8221; css=&#8221;.vc_custom_1564220497858{margin-top: -200px !important;background-color: #e8e8e8 !important;}&#8221;][vc_column][vc_single_image image=&#8221;1634&#8243; img_size=&#8221;full&#8221; alignment=&#8221;center&#8221; css=&#8221;.vc_custom_1564216104799{padding-top: -200px !important;padding-bottom: -200px !important;}&#8221;][\/vc_column][\/vc_row][vc_row full_width=&#8221;stretch_row&#8221; css=&#8221;.vc_custom_1564383361831{padding-top: 10px !important;padding-bottom: 25px !important;background-color: #e8e8e8 !important;}&#8221;][vc_column width=&#8221;1\/2&#8243;][vc_single_image image=&#8221;1633&#8243; img_size=&#8221;400&#215;300&#8243;][vc_single_image image=&#8221;1468&#8243; img_size=&#8221;400&#215;300&#8243; css=&#8221;.vc_custom_1567975630524{margin-top: 30px !important;}&#8221;][\/vc_column][vc_column width=&#8221;1\/2&#8243; css=&#8221;.vc_custom_1567975711231{margin-top: 40px !important;}&#8221;][vc_column_text]Cilextra AG gegr\u00fcndet 1998 ist ein Unternehmen mit \u00fcber 20 Jahren Erfahrung alles rund um das Thema Spanndecken. Die CILEXTRA \u2013 [&hellip;]\" \/>\n<meta property=\"og:url\" content=\"https:\/\/cilextra.ch\/index.php\/ueberuns\/\" \/>\n<meta property=\"og:site_name\" content=\"Cilextra-Spanndecken\" \/>\n<meta property=\"article:modified_time\" content=\"2019-10-30T08:52:17+00:00\" \/>\n<meta name=\"twitter:card\" content=\"summary_large_image\" \/>\n<meta name=\"twitter:label1\" content=\"Gesch\u00e4tzte Lesezeit\" \/>\n\t<meta name=\"twitter:data1\" content=\"3 Minuten\" \/>\n<script type=\"application\/ld+json\" class=\"yoast-schema-graph\">{\"@context\":\"https:\/\/schema.org\",\"@graph\":[{\"@type\":\"WebSite\",\"@id\":\"https:\/\/cilextra.ch\/#website\",\"url\":\"https:\/\/cilextra.ch\/\",\"name\":\"Cilextra-Spanndecken\",\"description\":\"Deckenrenovieren in 24 Std.\",\"potentialAction\":[{\"@type\":\"SearchAction\",\"target\":{\"@type\":\"EntryPoint\",\"urlTemplate\":\"https:\/\/cilextra.ch\/?s={search_term_string}\"},\"query-input\":\"required name=search_term_string\"}],\"inLanguage\":\"de-DE\"},{\"@type\":\"WebPage\",\"@id\":\"https:\/\/cilextra.ch\/index.php\/ueberuns\/#webpage\",\"url\":\"https:\/\/cilextra.ch\/index.php\/ueberuns\/\",\"name\":\"\\u00dcber uns - Cilextra-Spanndecken\",\"isPartOf\":{\"@id\":\"https:\/\/cilextra.ch\/#website\"},\"datePublished\":\"2015-11-27T16:59:22+00:00\",\"dateModified\":\"2019-10-30T08:52:17+00:00\",\"breadcrumb\":{\"@id\":\"https:\/\/cilextra.ch\/index.php\/ueberuns\/#breadcrumb\"},\"inLanguage\":\"de-DE\",\"potentialAction\":[{\"@type\":\"ReadAction\",\"target\":[\"https:\/\/cilextra.ch\/index.php\/ueberuns\/\"]}]},{\"@type\":\"BreadcrumbList\",\"@id\":\"https:\/\/cilextra.ch\/index.php\/ueberuns\/#breadcrumb\",\"itemListElement\":[{\"@type\":\"ListItem\",\"position\":1,\"name\":\"Home\",\"item\":\"https:\/\/cilextra.ch\/\"},{\"@type\":\"ListItem\",\"position\":2,\"name\":\"\\u00dcber uns\"}]}]}<\/script>\n<!-- \/ Yoast SEO plugin. -->","yoast_head_json":{"title":"\u00dcber uns - Cilextra-Spanndecken","robots":{"index":"index","follow":"follow","max-snippet":"max-snippet:-1","max-image-preview":"max-image-preview:large","max-video-preview":"max-video-preview:-1"},"canonical":"https:\/\/cilextra.ch\/index.php\/ueberuns\/","og_locale":"de_DE","og_type":"article","og_title":"\u00dcber uns - Cilextra-Spanndecken","og_description":"[vc_row full_width=&#8221;stretch_row_content_no_spaces&#8221; css=&#8221;.vc_custom_1564220497858{margin-top: -200px !important;background-color: #e8e8e8 !important;}&#8221;][vc_column][vc_single_image image=&#8221;1634&#8243; img_size=&#8221;full&#8221; alignment=&#8221;center&#8221; css=&#8221;.vc_custom_1564216104799{padding-top: -200px !important;padding-bottom: -200px !important;}&#8221;][\/vc_column][\/vc_row][vc_row full_width=&#8221;stretch_row&#8221; css=&#8221;.vc_custom_1564383361831{padding-top: 10px !important;padding-bottom: 25px !important;background-color: #e8e8e8 !important;}&#8221;][vc_column width=&#8221;1\/2&#8243;][vc_single_image image=&#8221;1633&#8243; img_size=&#8221;400&#215;300&#8243;][vc_single_image image=&#8221;1468&#8243; img_size=&#8221;400&#215;300&#8243; css=&#8221;.vc_custom_1567975630524{margin-top: 30px !important;}&#8221;][\/vc_column][vc_column width=&#8221;1\/2&#8243; css=&#8221;.vc_custom_1567975711231{margin-top: 40px !important;}&#8221;][vc_column_text]Cilextra AG gegr\u00fcndet 1998 ist ein Unternehmen mit \u00fcber 20 Jahren Erfahrung alles rund um das Thema Spanndecken. Die CILEXTRA \u2013 [&hellip;]","og_url":"https:\/\/cilextra.ch\/index.php\/ueberuns\/","og_site_name":"Cilextra-Spanndecken","article_modified_time":"2019-10-30T08:52:17+00:00","twitter_card":"summary_large_image","twitter_misc":{"Gesch\u00e4tzte Lesezeit":"3 Minuten"},"schema":{"@context":"https:\/\/schema.org","@graph":[{"@type":"WebSite","@id":"https:\/\/cilextra.ch\/#website","url":"https:\/\/cilextra.ch\/","name":"Cilextra-Spanndecken","description":"Deckenrenovieren in 24 Std.","potentialAction":[{"@type":"SearchAction","target":{"@type":"EntryPoint","urlTemplate":"https:\/\/cilextra.ch\/?s={search_term_string}"},"query-input":"required name=search_term_string"}],"inLanguage":"de-DE"},{"@type":"WebPage","@id":"https:\/\/cilextra.ch\/index.php\/ueberuns\/#webpage","url":"https:\/\/cilextra.ch\/index.php\/ueberuns\/","name":"\u00dcber uns - Cilextra-Spanndecken","isPartOf":{"@id":"https:\/\/cilextra.ch\/#website"},"datePublished":"2015-11-27T16:59:22+00:00","dateModified":"2019-10-30T08:52:17+00:00","breadcrumb":{"@id":"https:\/\/cilextra.ch\/index.php\/ueberuns\/#breadcrumb"},"inLanguage":"de-DE","potentialAction":[{"@type":"ReadAction","target":["https:\/\/cilextra.ch\/index.php\/ueberuns\/"]}]},{"@type":"BreadcrumbList","@id":"https:\/\/cilextra.ch\/index.php\/ueberuns\/#breadcrumb","itemListElement":[{"@type":"ListItem","position":1,"name":"Home","item":"https:\/\/cilextra.ch\/"},{"@type":"ListItem","position":2,"name":"\u00dcber uns"}]}]}},"_links":{"self":[{"href":"https:\/\/cilextra.ch\/index.php\/wp-json\/wp\/v2\/pages\/1799"}],"collection":[{"href":"https:\/\/cilextra.ch\/index.php\/wp-json\/wp\/v2\/pages"}],"about":[{"href":"https:\/\/cilextra.ch\/index.php\/wp-json\/wp\/v2\/types\/page"}],"author":[{"embeddable":true,"href":"https:\/\/cilextra.ch\/index.php\/wp-json\/wp\/v2\/users\/4"}],"replies":[{"embeddable":true,"href":"https:\/\/cilextra.ch\/index.php\/wp-json\/wp\/v2\/comments?post=1799"}],"version-history":[{"count":51,"href":"https:\/\/cilextra.ch\/index.php\/wp-json\/wp\/v2\/pages\/1799\/revisions"}],"predecessor-version":[{"id":1887,"href":"https:\/\/cilextra.ch\/index.php\/wp-json\/wp\/v2\/pages\/1799\/revisions\/1887"}],"wp:attachment":[{"href":"https:\/\/cilextra.ch\/index.php\/wp-json\/wp\/v2\/media?parent=1799"}],"curies":[{"name":"wp","href":"https:\/\/api.w.org\/{rel}","templated":true}]}}